{"id":126,"date":"2017-12-10T14:36:30","date_gmt":"2017-12-10T13:36:30","guid":{"rendered":"http:\/\/veenit.nl\/?page_id=126"},"modified":"2019-04-19T15:53:19","modified_gmt":"2019-04-19T14:53:19","slug":"dmd-vlies","status":"publish","type":"page","link":"https:\/\/veenit.nl\/?page_id=126","title":{"rendered":"DMD \/ Vlies"},"content":{"rendered":"<p>DMD, Myoflex\u00ae PV, Myoflex\u00ae PVS, Thernomid\u00ae, Evitherm\u00ae<\/p>\n<p>Een flexibel laminaat met polyesterfilm als drager en \u00e9\u00e9n- of tweezijdig een polyestervlies als afscherming; het polyestervlies kan ge\u00efmpregneerd zijn<\/p>\n<p>Warmteklasse F (155\u00b0F), mechanisch sterk, goede hechting van de impregneerhars<\/p>\n<p>Verkrijgbaar op rol, op breedte gesneden of op maat volgens tekening gestanst.<\/p>\n<p>Toepassing in elektromotoren: als groefisolatie, fasen-isolatie, ook als groefkap<br \/>\nToepassing in transformatoren: als lagenisolatie<\/p>\n<p>Diktes:\u00a0 \u00a0 \u00a0 \u00a0 \u00a0 \u00a0 \u00a0 \u00a0 \u00a00,10 \/ 0,13 \/ 0,15 \/ 0,18 \/ 0,20 \/ 0,24 \/ 0,30 \/ 0,35 \/ 0,45 mm<\/p>\n<figure id=\"attachment_213\" aria-describedby=\"caption-attachment-213\" style=\"width: 277px\" class=\"wp-caption alignnone\"><img loading=\"lazy\" decoding=\"async\" class=\"size-full wp-image-213\" src=\"http:\/\/veenit.nl\/wp-content\/uploads\/2018\/03\/slot-closures.jpeg\" alt=\"Groefkappen uit DMD\" width=\"287\" height=\"175\" \/><figcaption id=\"caption-attachment-213\" class=\"wp-caption-text\">Groefkappen uit DMD<\/figcaption><\/figure>\n<figure id=\"attachment_240\" aria-describedby=\"caption-attachment-240\" style=\"width: 290px\" class=\"wp-caption alignleft\"><img loading=\"lazy\" decoding=\"async\" class=\"wp-image-240 size-medium\" src=\"http:\/\/veenit.nl\/wp-content\/uploads\/2018\/08\/DMD-Nomex-300x200.jpg\" alt=\"DMD gesneden en gevederd\" width=\"300\" height=\"200\" srcset=\"https:\/\/veenit.nl\/wp-content\/uploads\/2018\/08\/DMD-Nomex-300x200.jpg 300w, https:\/\/veenit.nl\/wp-content\/uploads\/2018\/08\/DMD-Nomex.jpg 640w\" sizes=\"auto, (max-width: 300px) 100vw, 300px\" \/><figcaption id=\"caption-attachment-240\" class=\"wp-caption-text\">DMD gesneden en gevederd<\/figcaption><\/figure>\n","protected":false},"excerpt":{"rendered":"<p>DMD, Myoflex\u00ae PV, Myoflex\u00ae PVS, Thernomid\u00ae, Evitherm\u00ae Een flexibel laminaat met polyesterfilm als drager en \u00e9\u00e9n- of tweezijdig een polyestervlies als afscherming; het polyestervlies kan ge\u00efmpregneerd zijn Warmteklasse F (155\u00b0F), mechanisch sterk, goede hechting van de impregneerhars Verkrijgbaar op rol, op breedte gesneden of op maat volgens tekening gestanst. Toepassing in elektromotoren: als groefisolatie, fasen-isolatie, &#8230; <a title=\"DMD \/ Vlies\" class=\"read-more\" href=\"https:\/\/veenit.nl\/?page_id=126\" aria-label=\"Lees meer over DMD \/ Vlies\">Lees meer<\/a><\/p>\n","protected":false},"author":1,"featured_media":0,"parent":0,"menu_order":0,"comment_status":"closed","ping_status":"closed","template":"","meta":{"footnotes":""},"class_list":["post-126","page","type-page","status-publish"],"_links":{"self":[{"href":"https:\/\/veenit.nl\/index.php?rest_route=\/wp\/v2\/pages\/126","targetHints":{"allow":["GET"]}}],"collection":[{"href":"https:\/\/veenit.nl\/index.php?rest_route=\/wp\/v2\/pages"}],"about":[{"href":"https:\/\/veenit.nl\/index.php?rest_route=\/wp\/v2\/types\/page"}],"author":[{"embeddable":true,"href":"https:\/\/veenit.nl\/index.php?rest_route=\/wp\/v2\/users\/1"}],"replies":[{"embeddable":true,"href":"https:\/\/veenit.nl\/index.php?rest_route=%2Fwp%2Fv2%2Fcomments&post=126"}],"version-history":[{"count":4,"href":"https:\/\/veenit.nl\/index.php?rest_route=\/wp\/v2\/pages\/126\/revisions"}],"predecessor-version":[{"id":371,"href":"https:\/\/veenit.nl\/index.php?rest_route=\/wp\/v2\/pages\/126\/revisions\/371"}],"wp:attachment":[{"href":"https:\/\/veenit.nl\/index.php?rest_route=%2Fwp%2Fv2%2Fmedia&parent=126"}],"curies":[{"name":"wp","href":"https:\/\/api.w.org\/{rel}","templated":true}]}}